{"id":18706,"date":"2022-09-27T20:16:20","date_gmt":"2022-09-27T19:16:20","guid":{"rendered":"https:\/\/www.concept.pegabv.nl\/index.php\/disclaimer\/"},"modified":"2023-05-02T14:22:29","modified_gmt":"2023-05-02T13:22:29","slug":"disclaimer","status":"publish","type":"page","link":"https:\/\/pegabv.nl\/de\/disclaimer\/","title":{"rendered":"Disclaimer"},"content":{"rendered":"\t\t<div data-elementor-type=\"wp-page\" data-elementor-id=\"18706\" class=\"elementor elementor-18706 elementor-3441\" data-elementor-post-type=\"page\">\n\t\t\t\t\t\t<section class=\"elementor-section elementor-top-section elementor-element elementor-element-548ed80 elementor-section-boxed elementor-section-height-default elementor-section-height-default\" data-id=\"548ed80\" data-element_type=\"section\" data-e-type=\"section\">\n\t\t\t\t\t\t<div class=\"elementor-container elementor-column-gap-default\">\n\t\t\t\t\t<div class=\"elementor-column elementor-col-100 elementor-top-column elementor-element elementor-element-c2b9e63\" data-id=\"c2b9e63\" data-element_type=\"column\" data-e-type=\"column\">\n\t\t\t<div class=\"elementor-widget-wrap elementor-element-populated\">\n\t\t\t\t\t\t<div class=\"elementor-element elementor-element-afe7fd7 elementor-widget elementor-widget-spacer\" data-id=\"afe7fd7\" data-element_type=\"widget\" data-e-type=\"widget\" data-widget_type=\"spacer.default\">\n\t\t\t\t<div class=\"elementor-widget-container\">\n\t\t\t\t\t\t\t<div class=\"elementor-spacer\">\n\t\t\t<div class=\"elementor-spacer-inner\"><\/div>\n\t\t<\/div>\n\t\t\t\t\t\t<\/div>\n\t\t\t\t<\/div>\n\t\t\t\t\t<\/div>\n\t\t<\/div>\n\t\t\t\t\t<\/div>\n\t\t<\/section>\n\t\t\t\t<section class=\"elementor-section elementor-top-section elementor-element elementor-element-263a5962 elementor-section-boxed elementor-section-height-default elementor-section-height-default\" data-id=\"263a5962\" data-element_type=\"section\" data-e-type=\"section\">\n\t\t\t\t\t\t<div class=\"elementor-container elementor-column-gap-no\">\n\t\t\t\t\t<div class=\"elementor-column elementor-col-100 elementor-top-column elementor-element elementor-element-1c9904d1\" data-id=\"1c9904d1\" data-element_type=\"column\" data-e-type=\"column\">\n\t\t\t<div class=\"elementor-widget-wrap elementor-element-populated\">\n\t\t\t\t\t\t<div class=\"elementor-element elementor-element-7bce695 elementor-widget elementor-widget-text-editor\" data-id=\"7bce695\" data-element_type=\"widget\" data-e-type=\"widget\" data-widget_type=\"text-editor.default\">\n\t\t\t\t<div class=\"elementor-widget-container\">\n\t\t\t\t\t\t\t\t\t<p>Disclaimer PEGA boottrailers<\/p>\n\t\t\t\t\t\t\t\t<\/div>\n\t\t\t\t<\/div>\n\t\t\t\t\t<\/div>\n\t\t<\/div>\n\t\t\t\t\t<\/div>\n\t\t<\/section>\n\t\t\t\t<section class=\"elementor-section elementor-top-section elementor-element elementor-element-387f4db elementor-section-boxed elementor-section-height-default elementor-section-height-default\" data-id=\"387f4db\" data-element_type=\"section\" data-e-type=\"section\">\n\t\t\t\t\t\t<div class=\"elementor-container elementor-column-gap-no\">\n\t\t\t\t\t<div class=\"elementor-column elementor-col-100 elementor-top-column elementor-element elementor-element-6ddc9f2\" data-id=\"6ddc9f2\" data-element_type=\"column\" data-e-type=\"column\">\n\t\t\t<div class=\"elementor-widget-wrap elementor-element-populated\">\n\t\t\t\t\t\t<div class=\"elementor-element elementor-element-f9c5bb5 elementor-widget elementor-widget-text-editor\" data-id=\"f9c5bb5\" data-element_type=\"widget\" data-e-type=\"widget\" data-widget_type=\"text-editor.default\">\n\t\t\t\t<div class=\"elementor-widget-container\">\n\t\t\t\t\t\t\t\t\t<p>1. In diesem Haftungsausschluss haben die folgenden Begriffe die folgende Bedeutung: <br \/>&#8211; die Webseite: jede Webseite, in die der Herausgeber einen Hyperlink zu diesem Haftungsausschluss einf\u00fcgt, in der Absicht, dass dieser Haftungsausschluss f\u00fcr sie gilt;<br \/>&#8211; der Herausgeber: der autorisierte Herausgeber der Webseite;<br \/>&#8211; Nutzung(en): u. a. Laden, Einloggen, Abrufen, Konsultieren, Lesen, Betrachten, Anh\u00f6ren, Bearbeiten, Ausf\u00fcllen (von Formularen), Senden, (vor\u00fcbergehendes) Kopieren, Speichern, Weiterleiten, Verteilen, Inanspruchnahme von Diensten, Vornahme von Rechtshandlungen (z. B. Kauf, Miete);<br \/>&#8211; Sie: die nat\u00fcrliche oder juristische Person, ob vertreten oder nicht, die die Website nutzt;<br \/>&#8211; den Inhalt: u.a. Texte, Bilder, Hyperlinks, Ton- und\/oder Videoclips und\/oder andere Objekte;<br \/>&#8211; Sch\u00e4den: direkte oder indirekte Sch\u00e4den jeglicher Art, einschlie\u00dflich Daten- und Gesch\u00e4ftsverluste, Umsatz- und Gewinneinbu\u00dfen oder andere wirtschaftliche Verluste.<\/p>\n<p>2. F\u00fcr die Webseite gilt Folgendes. Durch die Nutzung der Website erkl\u00e4ren Sie sich mit diesem Haftungsausschluss einverstanden.<\/p>\n<p>3. Der Herausgeber bem\u00fcht sich, den Inhalt der Website regelm\u00e4\u00dfig zu aktualisieren und\/oder zu erg\u00e4nzen. Trotz dieser Sorgfalt und Aufmerksamkeit kann der Inhalt unvollst\u00e4ndig und\/oder fehlerhaft sein.<\/p>\n<p>4. Der Herausgeber stellt den Inhalt der Webseite in dem Zustand zur Verf\u00fcgung, in dem er sich tats\u00e4chlich befindet, ohne jegliche Garantie oder Gew\u00e4hrleistung hinsichtlich seiner Tauglichkeit, Eignung f\u00fcr einen bestimmten Zweck oder sonstiges. Der Inhalt ist experimentell und f\u00fcr den privaten Gebrauch bestimmt.<\/p>\n<p>5. Der Herausgeber haftet nicht f\u00fcr Sch\u00e4den, die entstanden sind oder zu entstehen drohen und die sich aus der Nutzung der Webseite oder der Unm\u00f6glichkeit, die Webseite zu konsultieren, ergeben oder in irgendeiner Weise damit zusammenh\u00e4ngen.<\/p>\n<p>6. Der Herausgeber kann die Webseite nach eigenem Ermessen und zu jedem gew\u00fcnschten Zeitpunkt mit oder ohne vorherige Ank\u00fcndigung \u00e4ndern oder beenden (oder \u00e4ndern lassen). Der Herausgeber haftet nicht f\u00fcr die Folgen einer \u00c4nderung oder Beendigung.<\/p>\n<p>7. Vorbehaltlich dieses Haftungsausschlusses ist der Herausgeber nicht verantwortlich f\u00fcr Dateien Dritter, die erkennbar mit der Webseite verkn\u00fcpft sind. Die Verlinkung bedeutet nicht, dass diese Dateien gebilligt werden.<\/p>\n<p>8. Die unbefugte oder missbr\u00e4uchliche Nutzung der Webseite oder ihres Inhalts kann eine Verletzung der geistigen Rechte, der Vorschriften zum Schutz der Privatsph\u00e4re, der Ver\u00f6ffentlichung und\/oder der Kommunikation im weitesten Sinne des Wortes darstellen. Sie sind verantwortlich f\u00fcr alles, was Sie von der Webseite aus senden.<\/p>\n<p>9. Der Herausgeber beh\u00e4lt sich das Recht vor, Ihnen die Erlaubnis zu verweigern, die Webseite zu nutzen und\/oder bestimmte auf der Webseite angebotene Dienste in Anspruch zu nehmen. Danach kann der Herausgeber den Zugriff auf die Webseite \u00fcberwachen.<\/p>\n<p>10. Sie sch\u00fctzen und entsch\u00e4digen den Herausgeber, seine Angestellten, Vertreter, Lizenznehmer, Gesch\u00e4ftspartner und den Autor dieses Disclaimers gegen alle gerichtlichen und au\u00dfergerichtlichen Ma\u00dfnahmen, Verurteilungen usw., einschlie\u00dflich der Kosten f\u00fcr Rechtsbeistand, Wirtschaftspr\u00fcfer usw., die von Dritten infolge oder im Zusammenhang mit Ihrer Nutzung der Webseite, Ihrer Verletzung gesetzlicher Vorschriften oder der Rechte Dritter eingeleitet werden.<\/p>\n<p>\u00a9 mr. F.J. Van Eeckhoutte, ICT\/IE-advocaat, Amersfoort, www.vaneeckhoutteadvocaten.nl<\/p>\n\t\t\t\t\t\t\t\t<\/div>\n\t\t\t\t<\/div>\n\t\t\t\t\t<\/div>\n\t\t<\/div>\n\t\t\t\t\t<\/div>\n\t\t<\/section>\n\t\t\t\t<section class=\"elementor-section elementor-top-section elementor-element elementor-element-b6e14cf elementor-section-boxed elementor-section-height-default elementor-section-height-default\" data-id=\"b6e14cf\" data-element_type=\"section\" data-e-type=\"section\">\n\t\t\t\t\t\t<div class=\"elementor-container elementor-column-gap-default\">\n\t\t\t\t\t<div class=\"elementor-column elementor-col-100 elementor-top-column elementor-element elementor-element-f04727e\" data-id=\"f04727e\" data-element_type=\"column\" data-e-type=\"column\">\n\t\t\t<div class=\"elementor-widget-wrap elementor-element-populated\">\n\t\t\t\t\t\t<div class=\"elementor-element elementor-element-f464004 elementor-widget elementor-widget-spacer\" data-id=\"f464004\" data-element_type=\"widget\" data-e-type=\"widget\" data-widget_type=\"spacer.default\">\n\t\t\t\t<div class=\"elementor-widget-container\">\n\t\t\t\t\t\t\t<div class=\"elementor-spacer\">\n\t\t\t<div class=\"elementor-spacer-inner\"><\/div>\n\t\t<\/div>\n\t\t\t\t\t\t<\/div>\n\t\t\t\t<\/div>\n\t\t\t\t\t<\/div>\n\t\t<\/div>\n\t\t\t\t\t<\/div>\n\t\t<\/section>\n\t\t\t\t<\/div>\n\t\t","protected":false},"excerpt":{"rendered":"<p>Disclaimer PEGA boottrailers 1. In diesem Haftungsausschluss haben die folgenden Begriffe die folgende Bedeutung: &#8211; die Webseite: jede Webseite, in die der Herausgeber einen Hyperlink zu diesem Haftungsausschluss einf\u00fcgt, in der Absicht, dass dieser Haftungsausschluss f\u00fcr sie gilt;&#8211; der Herausgeber: der autorisierte Herausgeber der Webseite;&#8211; Nutzung(en): u. a. Laden, Einloggen, Abrufen, Konsultieren, Lesen, Betrachten, Anh\u00f6ren, [&hellip;]<\/p>\n","protected":false},"author":1,"featured_media":0,"parent":0,"menu_order":0,"comment_status":"closed","ping_status":"closed","template":"","meta":{"footnotes":""},"class_list":["post-18706","page","type-page","status-publish","hentry"],"_links":{"self":[{"href":"https:\/\/pegabv.nl\/de\/wp-json\/wp\/v2\/pages\/18706","targetHints":{"allow":["GET"]}}],"collection":[{"href":"https:\/\/pegabv.nl\/de\/wp-json\/wp\/v2\/pages"}],"about":[{"href":"https:\/\/pegabv.nl\/de\/wp-json\/wp\/v2\/types\/page"}],"author":[{"embeddable":true,"href":"https:\/\/pegabv.nl\/de\/wp-json\/wp\/v2\/users\/1"}],"replies":[{"embeddable":true,"href":"https:\/\/pegabv.nl\/de\/wp-json\/wp\/v2\/comments?post=18706"}],"version-history":[{"count":0,"href":"https:\/\/pegabv.nl\/de\/wp-json\/wp\/v2\/pages\/18706\/revisions"}],"wp:attachment":[{"href":"https:\/\/pegabv.nl\/de\/wp-json\/wp\/v2\/media?parent=18706"}],"curies":[{"name":"wp","href":"https:\/\/api.w.org\/{rel}","templated":true}]}}